{"id":4886,"date":"2023-08-05T17:01:51","date_gmt":"2023-08-05T21:01:51","guid":{"rendered":"https:\/\/pmoservices.cl\/?page_id=4886"},"modified":"2023-08-05T17:05:00","modified_gmt":"2023-08-05T21:05:00","slug":"aviso-legal","status":"publish","type":"page","link":"https:\/\/pmoservices.cl\/?page_id=4886","title":{"rendered":"Aviso Legal"},"content":{"rendered":"\n<p>Informaci\u00f3n General<\/p>\n\n\n\n<p><strong>Deck Inform\u00e1tica y Dise\u00f1o Computacional SpA.<\/strong>\u00a0(en adelante,\u00a0<strong>Deck SpA<\/strong>.), provisto con NIF\u00a0<strong>pendiente<\/strong>, con domicilio de su sucursal en Carrer de l\u2019Escorial, 180, CP 08024 \u2013 Barcelona, no puede asumir ninguna responsabilidad derivada del uso incorrecto, inapropiado o il\u00edcito de la informaci\u00f3n aparecida en la p\u00e1gina de Internet, actualmente como\u00a0<a href=\"https:\/\/pmoservices.cl\/\">www.pmoservices.cl<\/a>.<\/p>\n\n\n\n<p>Datos Personales que recabamos y c\u00f3mo lo hacemos<\/p>\n\n\n\n<p>Esta informaci\u00f3n est\u00e1 ampliamente detallada en la\u00a0<strong><a href=\"https:\/\/pmoservices.cl\/politica-de-privacidad\/\">Pol\u00edtica de Privacidad<\/a><\/strong>.<\/p>\n\n\n\n<p>Enlaces a sitios web de terceros<\/p>\n\n\n\n<p>La p\u00e1gina de Internet de&nbsp;<strong>Deck SpA.<\/strong>&nbsp;puede contener enlaces (links) a otras p\u00e1ginas de terceras partes que&nbsp;<strong>Deck SpA.<\/strong>&nbsp;no puede controlar. Por lo tanto,&nbsp;<strong>Deck SpA.<\/strong>&nbsp;no puede asumir responsabilidades por el contenido que pueda aparecer en p\u00e1ginas de terceros.<\/p>\n\n\n\n<p>Propiedad intelectual<\/p>\n\n\n\n<p>Este sitio web est\u00e1 protegido por derechos de propiedad intelectual y es propiedad exclusiva de la Compa\u00f1\u00eda.<\/p>\n\n\n\n<p>As\u00ed como tambi\u00e9n, los textos, dise\u00f1os, im\u00e1genes, logos, iconos, nombres comerciales y el resto de los contenidos incluidos en este Sitio Web son propiedad exclusiva de&nbsp;<strong>Deck SpA.<\/strong>&nbsp;o sus licenciantes. Cualquier acto de transmisi\u00f3n, distribuci\u00f3n, cesi\u00f3n, reproducci\u00f3n, almacenamiento o comunicaci\u00f3n p\u00fablica total o parcial, debe contar con el consentimiento expreso de&nbsp;<strong>Deck SpA.<\/strong>&nbsp;No obstante, el usuario podr\u00e1 utilizar informaci\u00f3n facilitada para solicitar asesor\u00eda y\/o consultor\u00eda de nuestros servicios y productos y los datos de contacto correspondientes.<\/p>\n\n\n\n<p>Puede usar este material para fines personales y no comerciales de acuerdo con los principios que rigen la ley de propiedad intelectual. Se proh\u00edbe cualquier otro uso o modificaci\u00f3n del contenido del sitio web de la Compa\u00f1\u00eda sin la autorizaci\u00f3n previa por escrito de la Compa\u00f1\u00eda.<\/p>\n\n\n\n<p>Marca registrada:&nbsp;<strong>\u00a9 2018 PMO Services<\/strong>, es una marca registrada que pertenece a&nbsp;<strong>Deck Inform\u00e1tica y Dise\u00f1o Computacional SpA<\/strong>.<\/p>\n\n\n\n<p>Contacto<\/p>\n\n\n\n<p>En caso de que cualquier Usuario tuviese alguna duda acerca de estas Condiciones Legales o cualquier comentario sobre el portal, por favor dir\u00edjase a:<\/p>\n\n\n\n<p><em><u>Sucursal en Barcelona<\/u><\/em><\/p>\n\n\n\n<p><strong>Deck Inform\u00e1tica y Dise\u00f1o Computacional SpA<\/strong>.<\/p>\n\n\n\n<p>Carrer de l\u2019Escorial, 180, CP 08024 \u2013 Barcelona \u2013 Coworking Star2Bee<\/p>\n\n\n\n<p>Tel\u00e9fono: +34 662946400<\/p>\n\n\n\n<p>Correo electr\u00f3nico:\u00a0<a href=\"mailto:fmunoz@pmoservices.cl\">fmunoz@pmoservices.cl<\/a><\/p>\n\n\n\n<p><a rel=\"noreferrer noopener\" href=\"https:\/\/www.serveistic.com\/es\/contacto\/\" target=\"_blank\">Formulario de <\/a><a href=\"https:\/\/pmoservices.cl\/#contactanos\" target=\"_blank\" rel=\"noreferrer noopener\">contacto<\/a><\/p>\n\n\n\n<p><em><u>Sociedad Matriz en Chile<\/u><\/em><\/p>\n\n\n\n<p><strong>Deck Inform\u00e1tica y Dise\u00f1o Computacional SpA<\/strong>.<\/p>\n\n\n\n<p>Las Perlas Norte 125, Oficina 509 \u2013 Vi\u00f1a del Mar \u2013 Valpara\u00edso, Chile<\/p>\n\n\n\n<p>CP 2542618<\/p>\n\n\n\n<p>Tel\u00e9fono: +56 223564344<\/p>\n\n\n\n<p>Correo electr\u00f3nico:\u00a0<a href=\"mailto:jcmunoz@pmoservices.cl\">jcmunoz@pmoservices.cl<\/a><\/p>\n\n\n\n<p>El equipo de&nbsp;<strong>Deck SpA<\/strong>. le agradecemos el tiempo dedicado en leer este Aviso Legal.<\/p>\n","protected":false},"excerpt":{"rendered":"<p>Informaci\u00f3n General Deck Inform\u00e1tica y Dise\u00f1o Computacional SpA.\u00a0(en adelante,\u00a0Deck SpA.), provisto con NIF\u00a0pendiente, con domicilio de su sucursal en Carrer de l\u2019Escorial, 180, CP 08024 \u2013 Barcelona, no puede asumir ninguna responsabilidad derivada del uso incorrecto, inapropiado o il\u00edcito de la informaci\u00f3n aparecida en la p\u00e1gina de Internet, actualmente como\u00a0www.pmoservices.cl. Datos Personales que recabamos y [&hellip;]<\/p>\n","protected":false},"author":2,"featured_media":0,"parent":0,"menu_order":0,"comment_status":"closed","ping_status":"closed","template":"","meta":{"footnotes":""},"class_list":["post-4886","page","type-page","status-publish","hentry"],"_links":{"self":[{"href":"https:\/\/pmoservices.cl\/index.php?rest_route=\/wp\/v2\/pages\/4886","targetHints":{"allow":["GET"]}}],"collection":[{"href":"https:\/\/pmoservices.cl\/index.php?rest_route=\/wp\/v2\/pages"}],"about":[{"href":"https:\/\/pmoservices.cl\/index.php?rest_route=\/wp\/v2\/types\/page"}],"author":[{"embeddable":true,"href":"https:\/\/pmoservices.cl\/index.php?rest_route=\/wp\/v2\/users\/2"}],"replies":[{"embeddable":true,"href":"https:\/\/pmoservices.cl\/index.php?rest_route=%2Fwp%2Fv2%2Fcomments&post=4886"}],"version-history":[{"count":5,"href":"https:\/\/pmoservices.cl\/index.php?rest_route=\/wp\/v2\/pages\/4886\/revisions"}],"predecessor-version":[{"id":4894,"href":"https:\/\/pmoservices.cl\/index.php?rest_route=\/wp\/v2\/pages\/4886\/revisions\/4894"}],"wp:attachment":[{"href":"https:\/\/pmoservices.cl\/index.php?rest_route=%2Fwp%2Fv2%2Fmedia&parent=4886"}],"curies":[{"name":"wp","href":"https:\/\/api.w.org\/{rel}","templated":true}]}}