{"id":3729,"date":"2019-03-05T10:02:59","date_gmt":"2019-03-05T10:02:59","guid":{"rendered":"https:\/\/pmoservices.cl\/?page_id=3729"},"modified":"2021-04-30T02:55:12","modified_gmt":"2021-04-30T02:55:12","slug":"capacitacion-2019","status":"publish","type":"page","link":"https:\/\/pmoservices.cl\/?page_id=3729","title":{"rendered":"Capacitaci\u00f3n 2019"},"content":{"rendered":"<p>[vc_row section_content_width=&#8221;container-fullwidth&#8221; overlay_color=&#8221;no&#8221; css=&#8221;.vc_custom_1548194281711{margin-top: -80px !important;background-image: url(https:\/\/pmoservices.cl\/wp-content\/uploads\/2019\/01\/Cursos.jpg?id=3723) !important;}&#8221;][vc_column width=&#8221;1\/2&#8243;][vc_row_inner][vc_column_inner width=&#8221;1\/4&#8243;][\/vc_column_inner][vc_column_inner width=&#8221;3\/4&#8243;][vc_empty_space height=&#8221;22px&#8221;][tt_section_title title_alignment=&#8221;text-center&#8221; title_color_option=&#8221;custom-color&#8221; section_separator=&#8221;yes&#8221; separator_position=&#8221;after_title&#8221; title=&#8221;Capacitaci\u00f3n 2019&#8243; title_color=&#8221;#000000&#8243;]<\/p>\n<h3 style=\"text-align: center;\">Curso presencial<\/h3>\n<h3 style=\"text-align: center;\">\u00a0Abril &#8211; Mayo<\/h3>\n<p style=\"text-align: center;\"><span style=\"color: #000000; font-size: 18px;\"><strong>Sala de Capacitaci\u00f3n<\/strong><\/span><\/p>\n<p style=\"text-align: center;\"><span style=\"color: #000000; font-size: 18px;\">Serrano 63, oficina 33<br \/>\nSantiago &#8211; Chile<\/span><\/p>\n<div class=\"wpb_text_column wpb_content_element \" style=\"text-align: center;\">\n<div class=\"wpb_wrapper\">\n<p><span style=\"color: #000000; font-size: 18px;\"><br \/>\n<strong>Tel\u00e9fono:\u00a0<\/strong><\/span><span style=\"color: #000000; font-size: 18px;\">+562 2638 8920<br \/>\n<\/span><\/p>\n<\/div>\n<\/div>\n<div class=\"wpb_text_column wpb_content_element \" style=\"text-align: center;\">\n<div class=\"wpb_wrapper\">\n<p><span style=\"color: #000000; font-size: 18px;\"><strong>Email:\u00a0<\/strong><\/span><span style=\"color: #000000; font-size: 18px;\"><a style=\"color: #000000;\" href=\"mailto:contacto@pmoservices.cl\">\u00a0contacto@pmoservices.cl<\/a><\/span><\/p>\n<\/div>\n<\/div>\n<p style=\"text-align: center;\"><span style=\"color: #000000;\">\u00a0<img loading=\"lazy\" decoding=\"async\" class=\"aligncenter wp-image-3771\" src=\"https:\/\/pmoservices.cl\/wp-content\/uploads\/2019\/01\/SENSE-300x198.jpg\" alt=\"\" width=\"150\" height=\"99\" srcset=\"https:\/\/pmoservices.cl\/wp-content\/uploads\/2019\/01\/SENSE-300x198.jpg 300w, https:\/\/pmoservices.cl\/wp-content\/uploads\/2019\/01\/SENSE-144x95.jpg 144w, https:\/\/pmoservices.cl\/wp-content\/uploads\/2019\/01\/SENSE-98x65.jpg 98w, https:\/\/pmoservices.cl\/wp-content\/uploads\/2019\/01\/SENSE.jpg 640w\" sizes=\"auto, (max-width: 150px) 100vw, 150px\" \/><\/span><\/p>\n<p>&nbsp;<\/p>\n<p>&nbsp;<\/p>\n<p style=\"text-align: center;\"><span style=\"color: #ffffff;\"><strong>* Seg\u00fan disponibilidad de interesados.<\/strong><\/span><\/p>\n<p>[\/tt_section_title][\/vc_column_inner][\/vc_row_inner][\/vc_column][vc_column width=&#8221;1\/2&#8243;]\n<div class=\"wpcf7 no-js\" id=\"wpcf7-f3738-o1\" lang=\"en-US\" dir=\"ltr\" data-wpcf7-id=\"3738\">\n<div class=\"screen-reader-response\"><p role=\"status\" aria-live=\"polite\" aria-atomic=\"true\"><\/p> <ul><\/ul><\/div>\n<form action=\"\/index.php?rest_route=%2Fwp%2Fv2%2Fpages%2F3729#wpcf7-f3738-o1\" method=\"post\" class=\"wpcf7-form init\" aria-label=\"Contact form\" novalidate=\"novalidate\" data-status=\"init\">\n<fieldset class=\"hidden-fields-container\"><input type=\"hidden\" name=\"_wpcf7\" value=\"3738\" \/><input type=\"hidden\" name=\"_wpcf7_version\" value=\"6.1.5\" \/><input type=\"hidden\" name=\"_wpcf7_locale\" value=\"en_US\" \/><input type=\"hidden\" name=\"_wpcf7_unit_tag\" value=\"wpcf7-f3738-o1\" \/><input type=\"hidden\" name=\"_wpcf7_container_post\" value=\"0\" \/><input type=\"hidden\" name=\"_wpcf7_posted_data_hash\" value=\"\" \/><input type=\"hidden\" name=\"_wpcf7_recaptcha_response\" value=\"\" \/>\n<\/fieldset>\n<div class=\"volunter-form-wrapper text-left\">\n\t<div class=\"row\">\n\t\t<p><label><strong>\n\t\t\t\t\t<center>CURSO - TALLER\n\t\t\t\t\t<\/center><\/strong><\/label><br \/>\n<label><strong>Mejores pr\u00e1cticas, t\u00e9cnicas y herramientas para una gesti\u00f3n exitosa de su Portafolio de Proyectos<\/strong><\/label>\n\t\t<\/p>\n\t\t<div class=\"col-sm-6\">\n\t\t\t<div class=\"form-group\">\n\t\t\t\t<p><span class=\"wpcf7-form-control-wrap\" data-name=\"text-976\"><input size=\"40\" maxlength=\"400\" class=\"wpcf7-form-control wpcf7-text wpcf7-validates-as-required form-control\" aria-required=\"true\" aria-invalid=\"false\" placeholder=\"Nombre*\" value=\"\" type=\"text\" name=\"text-976\" \/><\/span>\n\t\t\t\t<\/p>\n\t\t\t<\/div>\n\t\t<\/div>\n\t\t<div class=\"col-sm-6\">\n\t\t\t<div class=\"form-group\">\n\t\t\t\t<p><span class=\"wpcf7-form-control-wrap\" data-name=\"text-977\"><input size=\"40\" maxlength=\"400\" class=\"wpcf7-form-control wpcf7-text wpcf7-validates-as-required form-control\" aria-required=\"true\" aria-invalid=\"false\" placeholder=\"Apellidos*\" value=\"\" type=\"text\" name=\"text-977\" \/><\/span>\n\t\t\t\t<\/p>\n\t\t\t<\/div>\n\t\t<\/div>\n\t\t<div class=\"col-sm-6\">\n\t\t\t<div class=\"form-group\">\n\t\t\t\t<p><span class=\"wpcf7-form-control-wrap\" data-name=\"email-577\"><input size=\"40\" maxlength=\"400\" class=\"wpcf7-form-control wpcf7-email wpcf7-validates-as-required wpcf7-text wpcf7-validates-as-email form-control\" aria-required=\"true\" aria-invalid=\"false\" placeholder=\"Email*\" value=\"\" type=\"email\" name=\"email-577\" \/><\/span>\n\t\t\t\t<\/p>\n\t\t\t<\/div>\n\t\t<\/div>\n\t\t<div class=\"col-sm-6\">\n\t\t\t<div class=\"form-group\">\n\t\t\t\t<p><span class=\"wpcf7-form-control-wrap\" data-name=\"tel-75\"><input size=\"40\" maxlength=\"400\" class=\"wpcf7-form-control wpcf7-tel wpcf7-validates-as-required wpcf7-text wpcf7-validates-as-tel form-control\" aria-required=\"true\" aria-invalid=\"false\" placeholder=\"Tel\u00e9fono*\" value=\"\" type=\"tel\" name=\"tel-75\" \/><\/span>\n\t\t\t\t<\/p>\n\t\t\t<\/div>\n\t\t<\/div>\n\t\t<div class=\"col-sm-12\">\n\t\t\t<p><label>Fechas cursos:<\/label>\n\t\t\t<\/p>\n\t\t\t<div class=\"form-group\">\n\t\t\t\t<p><span class=\"wpcf7-form-control-wrap\" data-name=\"menu-739\"><select class=\"wpcf7-form-control wpcf7-select wpcf7-validates-as-required form-control\" aria-required=\"true\" aria-invalid=\"false\" name=\"menu-739\"><option value=\"\">Seleccione una opci\u00f3n*<\/option><option value=\"Abril 2019\">Abril 2019<\/option><option value=\"Mayo 2019\">Mayo 2019<\/option><\/select><\/span>\n\t\t\t\t<\/p>\n\t\t\t<\/div>\n\t\t<\/div>\n\t\t<div class=\"col-sm-12\">\n\t\t\t<p><label>C\u00f3mo te enteraste de nuestros cursos?<\/label>\n\t\t\t<\/p>\n\t\t\t<div class=\"form-group\">\n\t\t\t\t<p><span class=\"wpcf7-form-control-wrap\" data-name=\"menu-740\"><select class=\"wpcf7-form-control wpcf7-select wpcf7-validates-as-required form-control\" aria-required=\"true\" aria-invalid=\"false\" name=\"menu-740\"><option value=\"\">Seleccione una opci\u00f3n*<\/option><option value=\"Google\">Google<\/option><option value=\"Recomendado\">Recomendado<\/option><option value=\"Facebook\">Facebook<\/option><option value=\"Linkedin\">Linkedin<\/option><option value=\"Email Marketing\">Email Marketing<\/option><\/select><\/span>\n\t\t\t\t<\/p>\n\t\t\t<\/div>\n\t\t<\/div>\n\t<\/div>\n\t<div class=\"col-sm-12\" align=\"center\">\n\t\t<div id=\"cf7sr-69f9e44287272\" class=\"cf7sr-g-recaptcha\" data-theme=\"light\" data-type=\"image\" data-size=\"normal\" data-sitekey=\"6LeV84EqAAAAAFZgmvNAmMNLOZRuiySYXmaWY52s\"><\/div><span class=\"wpcf7-form-control-wrap cf7sr-recaptcha\" data-name=\"cf7sr-recaptcha\"><input type=\"hidden\" name=\"cf7sr-recaptcha\" value=\"\" class=\"wpcf7-form-control\"><\/span>\n\t\t<\/p>\n\t<\/div>\n\t<div class=\"form-group\">\n\t\t<p><input class=\"wpcf7-form-control wpcf7-submit has-spinner btn btn-primary btn-xl\" type=\"submit\" value=\"Inscripciones\" \/>\n\t\t<\/p>\n\t<\/div>\n\t<div>\n\t<\/div>\n\t<p><label>* Campos obligatorios<\/label>\n\t<\/p>\n<\/div><p style=\"display: none !important;\" class=\"akismet-fields-container\" data-prefix=\"_wpcf7_ak_\"><label>&#916;<textarea name=\"_wpcf7_ak_hp_textarea\" cols=\"45\" rows=\"8\" maxlength=\"100\"><\/textarea><\/label><input type=\"hidden\" id=\"ak_js_1\" name=\"_wpcf7_ak_js\" value=\"86\"\/><script type=\"text\/javascript\">\n\/* <![CDATA[ *\/\ndocument.getElementById( \"ak_js_1\" ).setAttribute( \"value\", ( new Date() ).getTime() );\n\/* ]]> *\/\n<\/script>\n<\/p><div class=\"wpcf7-response-output\" aria-hidden=\"true\"><\/div>\n<\/form>\n<\/div>\n[\/vc_column][\/vc_row][vc_row css=&#8221;.vc_custom_1548162004612{margin-top: 30px !important;}&#8221;][vc_column width=&#8221;2\/3&#8243;][vc_row_inner css=&#8221;.vc_custom_1548193461842{margin-bottom: 20px !important;}&#8221;][vc_column_inner width=&#8221;5\/6&#8243; css=&#8221;.vc_custom_1548192995503{background-color: #e72f30 !important;background-position: center !important;background-repeat: no-repeat !important;background-size: cover !important;}&#8221;][vc_column_text css=&#8221;.vc_custom_1548799250469{margin-top: -20px !important;margin-bottom: 10px !important;padding-top: -20px !important;}&#8221;]<span style=\"color: #ffffff; font-size: 25PX; letter-space: 2px;\">CURSO PRESENCIAL (con c\u00f3digo SENCE)<\/span>[\/vc_column_text][\/vc_column_inner][vc_column_inner width=&#8221;1\/6&#8243;][\/vc_column_inner][\/vc_row_inner][vc_row_inner][vc_column_inner width=&#8221;5\/6&#8243;][vc_column_text]<span style=\"color: #000000; font-size: 18px;\">Mejores pr\u00e1cticas, t\u00e9cnicas y herramientas para una gesti\u00f3n exitosa de su Portafolio de Proyectos<\/span><\/p>\n<p>Este Curso-Taller tiene por objetivo entregar a los asistentes un conjunto de conocimientos, t\u00e9cnicas y herramientas para adquirir las habilidades necesarias para gestionar sus proyectos, permiti\u00e9ndoles adem\u00e1s practicar los conceptos y fundamentos entregados, mediante trabajo individual o grupal, desarrollando ejercicios y un caso de negocio que deben exponer finalmente a los asistentes, quienes har\u00e1n las veces de comit\u00e9 que aprobar\u00e1 o rechazar\u00e1 la iniciativa o el proyecto.[\/vc_column_text][vc_btn title=&#8221;Descripci\u00f3n del Curso &#8211; Taller&#8221; style=&#8221;outline-custom&#8221; outline_custom_color=&#8221;#e72f30&#8243; outline_custom_hover_background=&#8221;#e72f30&#8243; outline_custom_hover_text=&#8221;#ffffff&#8221; shape=&#8221;square&#8221; align=&#8221;center&#8221; i_icon_fontawesome=&#8221;fa fa-file-pdf-o&#8221; add_icon=&#8221;true&#8221; link=&#8221;url:https%3A%2F%2Fpmoservices.cl%2FPDF%2FCurso-Taller-Gesti%C3%B3n-de-Proyectos.pdf|title:Descargar%20descripci%C3%B3n%20completa%20del%20Curso%20-%20Taller%20|target:%20_blank|&#8221;][\/vc_column_inner][vc_column_inner width=&#8221;1\/6&#8243;][\/vc_column_inner][\/vc_row_inner][vc_row_inner css=&#8221;.vc_custom_1548193461842{margin-bottom: 20px !important;}&#8221;][vc_column_inner width=&#8221;5\/6&#8243; css=&#8221;.vc_custom_1548192995503{background-color: #e72f30 !important;background-position: center !important;background-repeat: no-repeat !important;background-size: cover !important;}&#8221;][vc_column_text css=&#8221;.vc_custom_1548782247734{margin-top: -20px !important;margin-bottom: 10px !important;padding-top: -20px !important;}&#8221;]<span style=\"color: #ffffff; font-size: 18PX; letter-space: 2px;\">FECHAS INSCRIPCI\u00d3N CURSO &#8211; TALLER<\/span>[\/vc_column_text][\/vc_column_inner][vc_column_inner width=&#8221;1\/6&#8243;][\/vc_column_inner][\/vc_row_inner][vc_column_text]<strong>Periodo de inscripci\u00f3n para:<\/strong><br \/>\n<strong>Curso Abril\u00a0 \u00a0 2019<\/strong>: Desde el 29-01-19 hasta el 12-04-19<br \/>\n<strong>Curso Mayo\u00a0 2019<\/strong>: Desde el 29-01-19 hasta el 15-05-19[\/vc_column_text][vc_row_inner][vc_column_inner width=&#8221;5\/6&#8243;][\/vc_column_inner][vc_column_inner width=&#8221;1\/6&#8243;][\/vc_column_inner][\/vc_row_inner][vc_row_inner css=&#8221;.vc_custom_1548193461842{margin-bottom: 20px !important;}&#8221;][vc_column_inner width=&#8221;5\/6&#8243; css=&#8221;.vc_custom_1548192995503{background-color: #e72f30 !important;background-position: center !important;background-repeat: no-repeat !important;background-size: cover !important;}&#8221;][vc_column_text css=&#8221;.vc_custom_1548702759238{margin-top: -20px !important;margin-bottom: 10px !important;padding-top: -20px !important;}&#8221;]<span style=\"color: #ffffff; font-size: 18PX; letter-space: 2px;\">DATOS CURSO &#8211; TALLER<\/span>[\/vc_column_text][\/vc_column_inner][vc_column_inner width=&#8221;1\/6&#8243;][\/vc_column_inner][\/vc_row_inner][vc_row_inner][vc_column_inner width=&#8221;5\/6&#8243;][vc_column_text]<strong>Valor<\/strong>: UF 10 por alumno (valor exento de IVA), tarifa que aplica para cursos presenciales en nuestra oficina.<br \/>\n<strong>Modalidad<\/strong>: Intensivo y Presencial, 10 alumnos por clases.<br \/>\n<strong>Duraci\u00f3n<\/strong>: 5 d\u00edas<br \/>\n<strong>Horario<\/strong>: 17:00 hasta las 21:00 horas.<\/p>\n<p><strong>Nota: <\/strong>Est\u00e1 disponible la opci\u00f3n de cursos cerrados para empresas a dictar en terreno (precios y condiciones se coordinar\u00e1 directamente con el cliente).[\/vc_column_text][\/vc_column_inner][vc_column_inner width=&#8221;1\/6&#8243;][\/vc_column_inner][\/vc_row_inner][\/vc_column][vc_column width=&#8221;1\/3&#8243;][vc_tta_accordion c_icon=&#8221;&#8221; active_section=&#8221;0&#8243; collapsible_all=&#8221;true&#8221;][vc_tta_section i_icon_fontawesome=&#8221;fa fa-plus-square&#8221; add_icon=&#8221;true&#8221; title=&#8221;Fechas Curso &#8211; Taller&#8221; tab_id=&#8221;1548109664480-4cfc2953-e2bb&#8221;][vc_column_text]<\/p>\n<ul>\n<li>Abril del 22 al 26, 17:00 a 21:00 hrs.<\/li>\n<li>Mayo del 27 al 31, 17:00 a 21:00 hrs.<\/li>\n<\/ul>\n<p>[\/vc_column_text][\/vc_tta_section][vc_tta_section i_icon_fontawesome=&#8221;fa fa-plus-square&#8221; add_icon=&#8221;true&#8221; title=&#8221;Datos Dep\u00f3sito o Transferencia&#8221; tab_id=&#8221;1548195010846-26836ab3-8d2b&#8221;][vc_column_text]<\/p>\n<p><strong><span style=\"color: #000000;\">Ser\u00e1 coordinado directamente <a style=\"text-decoration: none; color: #333;\" href=\"https:\/\/alohaporn.org\/\">aloha tube&#8217;<\/a> <a style=\"text-decoration: none; color: #333;\" href=\"https:\/\/myfreeslots.net\/\">online slots free<\/a> con \u00e9l alumno inscrito.<\/span><\/strong>[\/vc_column_text][\/vc_tta_section][vc_tta_section i_icon_fontawesome=&#8221;fa fa-plus-square&#8221; add_icon=&#8221;true&#8221; title=&#8221;Datos para la Orden de Compra&#8221; tab_id=&#8221;1548109664524-a0418d2e-7f5e&#8221;][vc_column_text]<\/p>\n<div class=\"dm3-collapse-item dm3-collapse-open\">\n<div class=\"dm3-collapse-body dm3-in dm3-collapse\">\n<div><\/div>\n<div class=\"dm3-collapse-inner\"><strong><span style=\"color: #000000;\">Ser\u00e1 coordinado directamente con \u00e9l alumno inscrito.<\/span><\/strong><\/div>\n<\/div>\n<\/div>\n<p>[\/vc_column_text][\/vc_tta_section][\/vc_tta_accordion][\/vc_column][\/vc_row]<\/p>\n","protected":false},"excerpt":{"rendered":"<p>[vc_row section_content_width=&#8221;container-fullwidth&#8221; overlay_color=&#8221;no&#8221; css=&#8221;.vc_custom_1548194281711{margin-top: -80px !important;background-image: url(https:\/\/pmoservices.cl\/wp-content\/uploads\/2019\/01\/Cursos.jpg?id=3723) !important;}&#8221;][vc_column width=&#8221;1\/2&#8243;][vc_row_inner][vc_column_inner width=&#8221;1\/4&#8243;][\/vc_column_inner][vc_column_inner width=&#8221;3\/4&#8243;][vc_empty_space height=&#8221;22px&#8221;][tt_section_title title_alignment=&#8221;text-center&#8221; title_color_option=&#8221;custom-color&#8221; section_separator=&#8221;yes&#8221; separator_position=&#8221;after_title&#8221; title=&#8221;Capacitaci\u00f3n 2019&#8243; title_color=&#8221;#000000&#8243;] Curso presencial \u00a0Abril &#8211; Mayo Sala de Capacitaci\u00f3n Serrano 63, oficina 33 Santiago &#8211; Chile Tel\u00e9fono:\u00a0+562 2638 8920 Email:\u00a0\u00a0contacto@pmoservices.cl \u00a0 &nbsp; &nbsp; * Seg\u00fan disponibilidad de interesados. [\/tt_section_title][\/vc_column_inner][\/vc_row_inner][\/vc_column][vc_column width=&#8221;1\/2&#8243;][\/vc_column][\/vc_row][vc_row css=&#8221;.vc_custom_1548162004612{margin-top: 30px !important;}&#8221;][vc_column width=&#8221;2\/3&#8243;][vc_row_inner css=&#8221;.vc_custom_1548193461842{margin-bottom: 20px !important;}&#8221;][vc_column_inner [&hellip;]<\/p>\n","protected":false},"author":1,"featured_media":0,"parent":0,"menu_order":0,"comment_status":"closed","ping_status":"closed","template":"page-templates\/template-vc.php","meta":{"footnotes":""},"class_list":["post-3729","page","type-page","status-publish","hentry"],"_links":{"self":[{"href":"https:\/\/pmoservices.cl\/index.php?rest_route=\/wp\/v2\/pages\/3729","targetHints":{"allow":["GET"]}}],"collection":[{"href":"https:\/\/pmoservices.cl\/index.php?rest_route=\/wp\/v2\/pages"}],"about":[{"href":"https:\/\/pmoservices.cl\/index.php?rest_route=\/wp\/v2\/types\/page"}],"author":[{"embeddable":true,"href":"https:\/\/pmoservices.cl\/index.php?rest_route=\/wp\/v2\/users\/1"}],"replies":[{"embeddable":true,"href":"https:\/\/pmoservices.cl\/index.php?rest_route=%2Fwp%2Fv2%2Fcomments&post=3729"}],"version-history":[{"count":112,"href":"https:\/\/pmoservices.cl\/index.php?rest_route=\/wp\/v2\/pages\/3729\/revisions"}],"predecessor-version":[{"id":4851,"href":"https:\/\/pmoservices.cl\/index.php?rest_route=\/wp\/v2\/pages\/3729\/revisions\/4851"}],"wp:attachment":[{"href":"https:\/\/pmoservices.cl\/index.php?rest_route=%2Fwp%2Fv2%2Fmedia&parent=3729"}],"curies":[{"name":"wp","href":"https:\/\/api.w.org\/{rel}","templated":true}]}}