{"id":2320,"date":"2015-11-20T10:10:38","date_gmt":"2015-11-20T10:10:38","guid":{"rendered":"http:\/\/localhost\/tt\/wordpress\/nominee\/?page_id=2320"},"modified":"2023-08-06T15:44:30","modified_gmt":"2023-08-06T19:44:30","slug":"home","status":"publish","type":"page","link":"https:\/\/pmoservices.cl\/","title":{"rendered":"Home"},"content":{"rendered":"<p>[vc_row section_content_width=&#8221;container-fullwidth&#8221; overlay_color=&#8221;yes&#8221; full_width=&#8221;stretch_row_content_no_spaces&#8221; css=&#8221;.vc_custom_1540207709130{margin-bottom: 0px !important;}&#8221; el_id=&#8221;inicio&#8221;][vc_column][rev_slider_vc alias=&#8221;home-slide&#8221;][\/vc_column][\/vc_row][vc_row css=&#8221;.vc_custom_1541387662567{padding-top: 60px !important;}&#8221;][vc_column][tt_section_title title_alignment=&#8221;text-center&#8221; section_separator=&#8221;yes&#8221; separator_position=&#8221;after_description&#8221; title=&#8221;PMO &#8211; Services&#8221;][\/tt_section_title][vc_row_inner][vc_column_inner css=&#8221;.vc_custom_1541387355936{padding-bottom: 20px !important;}&#8221;][vc_column_text]<\/p>\n<p style=\"text-align: center; font-size: 16px;\">Este gran desaf\u00edo<a style=\"text-decoration: none; color: inherit;\" href=\"https:\/\/pmoservices.cl\/3-points-to-understand-in-relation-to-cholesterol\/\">,<\/a> identifica nuestro objetivo y quehacer en el \u00e1rea de Gesti\u00f3n de Proyectos<a style=\"text-decoration: none; color: inherit;\" href=\"https:\/\/pmoservices.cl\/5-useful-project-management-computer-software-12\/\">.<\/a> En efecto a lo largo de m\u00e1s de 20 a\u00f1os gestionando proyectos<a style=\"text-decoration: none; color: inherit;\" href=\"https:\/\/pmoservices.cl\/cheap-present-tips-for-teenage-girls-3\/\">,<\/a> primeramente como ejecutivos de \u00e1reas TI y luego como consultores<a style=\"text-decoration: none; color: inherit;\" href=\"https:\/\/pmoservices.cl\/exclusive-web-pages-and-article-content-articles-4\/\">,<\/a> nos ha llevado a la conclusi\u00f3n que \u201chabitualmente&#8221; en las empresas no existe una integraci\u00f3n entre la estrategia organizacional (visi\u00f3n<a style=\"text-decoration: none; color: inherit;\" href=\"https:\/\/pmoservices.cl\/greatest-online-gambling-establishment-sites-5\/\">,<\/a> misi\u00f3n<a style=\"text-decoration: none; color: inherit;\" href=\"https:\/\/pmoservices.cl\/how-to-have-fun-with-craps-craps-secrets\/\">,<\/a> objetivos estrat\u00e9gicos) <a style=\"text-decoration: none; color: inherit;\" href=\"https:\/\/pmoservices.cl\/ivana-milicevic-2\/\">y<\/a> la gesti\u00f3n de su portafolio de proyectos<\/p>\n<p>[\/vc_column_text][\/vc_column_inner][\/vc_row_inner][vc_tta_tabs style=&#8221;ultra-classic&#8221; shape=&#8221;square&#8221; active_section=&#8221;1&#8243;][vc_tta_section title=&#8221;Importancia de la PMO&#8221; tab_id=&#8221;1541385752452-824363af-7052&#8243;][vc_row_inner][vc_column_inner width=&#8221;1\/2&#8243;][vc_single_image image=&#8221;3598&#8243; img_size=&#8221;large&#8221; alignment=&#8221;center&#8221;][\/vc_column_inner][vc_column_inner width=&#8221;1\/2&#8243; css=&#8221;.vc_custom_1541386695641{padding-top: 90px !important;}&#8221;][vc_column_text]M\u00e1s a\u00fan, adem\u00e1s se observa que en parte importante de los directivos tampoco existe una plena convicci\u00f3n sobre la importancia de gestionar los proyectos en sus organizaciones, lo cual redunda en una reducida asignaci\u00f3n de recursos a esta actividad.[\/vc_column_text][\/vc_column_inner][\/vc_row_inner][\/vc_tta_section][vc_tta_section title=&#8221;Como iniciar una PMO&#8221; tab_id=&#8221;1541385972979-3824cbea-5927&#8243;][vc_row_inner][vc_column_inner width=&#8221;1\/2&#8243;][vc_single_image image=&#8221;3599&#8243; img_size=&#8221;large&#8221; alignment=&#8221;center&#8221;][\/vc_column_inner][vc_column_inner width=&#8221;1\/2&#8243; css=&#8221;.vc_custom_1541386706607{padding-top: 40px !important;}&#8221;][vc_column_text]Por otra parte, una vez que la organizaci\u00f3n &#8220;<strong>Toma conciencia<\/strong>&#8221; de la importancia de gestionar su portafolio de proyectos, se puede caer en la tentaci\u00f3n de implementar una <strong>PMO<\/strong> (Project Management Office) \u201ca lo grande&#8221;, esfuerzos que tambi\u00e9n en la mayor\u00eda de los casos resultan en inversiones poco rentables, caso t\u00edpico invertir primeramente en una herramienta de alto costo <strong>PMS<\/strong> (Project Management Systems), en desmedro de la importancia de la organizaci\u00f3n <strong>PMO<\/strong>, las personas y las metodolog\u00edas.[\/vc_column_text][\/vc_column_inner][\/vc_row_inner][\/vc_tta_section][vc_tta_section title=&#8221;PMO Fundacional&#8221; tab_id=&#8221;1541386183274-f6abcef4-1938&#8243;][vc_row_inner][vc_column_inner width=&#8221;1\/2&#8243;][vc_single_image image=&#8221;3600&#8243; img_size=&#8221;large&#8221; alignment=&#8221;center&#8221;][\/vc_column_inner][vc_column_inner width=&#8221;1\/2&#8243; css=&#8221;.vc_custom_1541386716389{padding-top: 20px !important;}&#8221;][vc_column_text]Expuestos los antecedentes anteriores, se puede concluir que la estrategia que se adopte para la evoluci\u00f3n de la &#8220;<strong>Madurez<\/strong>&#8221; de la <strong>PMO<\/strong> es crucial para su \u00e9xito futuro. El nivel de madurez es un indicador que determina el desarrollo de las capacidades de una PMO, para que los proyectos est\u00e9n alineados con los objetivos del negocio, tanto t\u00e1cticos como estrat\u00e9gicos. La mayor\u00eda de los modelos de madurez utilizan 5 niveles en la Gesti\u00f3n Corporativa de Proyectos;<\/p>\n<ol>\n<li>Nivel <strong>INICIAL<\/strong>:\u00a0En la Organizaci\u00f3n no existe una aplicaci\u00f3n sistem\u00e1tica de pr\u00e1cticas.<\/li>\n<li>Nivel <strong>REPETIBLE<\/strong>: La Organizaci\u00f3n comienza la definici\u00f3n y desarrollo de algunos procesos comunes. Un proyecto exitoso se repite en otros.<\/li>\n<li>Nivel <strong>DEFINIDO<\/strong>:\u00a0La Organizaci\u00f3n cuenta con procesos de gesti\u00f3n definidos, los que sistem\u00e1ticamente se aplican en todos los proyectos.<\/li>\n<li>Nivel <strong>GESTIONADO<\/strong>: La Organizaci\u00f3n reconoce que la mejora de procesos de la gesti\u00f3n de proyectos es necesaria para mantener una ventaja competitiva.<\/li>\n<li>Nivel <strong>OPTIMIZADO<\/strong>: La organizaci\u00f3n eval\u00faa regularmente la gesti\u00f3n de sus proyectos, y decide las mejoras que se deben realizar.<\/li>\n<\/ol>\n<p>Aproximadamente un 68% de las empresas en Chile se encuentran en los niveles 1 y 2, de ah\u00ed que nuestro enfoque apunta a entregar a las organizaciones una soluci\u00f3n concreta para que inicien la evoluci\u00f3n de la madurez de su\u00a0<strong>PMO<\/strong>, mediante lo que hemos denominado la implementaci\u00f3n de una &#8220;<strong>PMO Fundacional<\/strong>&#8220;.[\/vc_column_text][\/vc_column_inner][\/vc_row_inner][\/vc_tta_section][vc_tta_section title=&#8221;Resultados Concretos&#8221; tab_id=&#8221;1541386355300-728ac486-80f7&#8243;][vc_row_inner][vc_column_inner width=&#8221;1\/2&#8243;][vc_single_image image=&#8221;3601&#8243; img_size=&#8221;large&#8221; alignment=&#8221;center&#8221;][\/vc_column_inner][vc_column_inner width=&#8221;1\/2&#8243; css=&#8221;.vc_custom_1541386725319{padding-top: 80px !important;}&#8221;][vc_column_text]Con la implementaci\u00f3n de la <strong>PMO<\/strong> Fundacional:<\/p>\n<ul>\n<li>Las empresas comienzan a gestionar su portafolio de proyectos en periodos de tiempo relativamente cortos y a costos muy razonables, y<\/li>\n<li>A la vez se inicia un cambio cultural en la organizaci\u00f3n liderado por la <strong>PMO<\/strong>, con el objetivo de involucrar a los l\u00edderes a cargo de los objetivos estrat\u00e9gicos, para que a su vez sean los patrocinadores (<strong>sponsorship<\/strong>) de sus proyectos.<\/li>\n<\/ul>\n<p>[\/vc_column_text][\/vc_column_inner][\/vc_row_inner][\/vc_tta_section][\/vc_tta_tabs][\/vc_column][\/vc_row][vc_row css=&#8221;.vc_custom_1541389240683{margin-bottom: 0px !important;padding-top: 125px !important;padding-bottom: 120px !important;background-color: #f4f4f4 !important;background-position: center !important;background-repeat: no-repeat !important;background-size: cover !important;}&#8221; el_id=&#8221;pmoservices&#8221;][vc_column][tt_section_title title_alignment=&#8221;text-center&#8221; section_separator=&#8221;yes&#8221; separator_position=&#8221;after_description&#8221; title=&#8221;PMO &#8211; Services&#8221;][\/tt_section_title][vc_row_inner css=&#8221;.vc_custom_1442425128475{margin-bottom: 0px !important;}&#8221;][vc_column_inner width=&#8221;1\/2&#8243; css=&#8221;.vc_custom_1541388079987{margin-bottom: 30px !important;padding-top: 30px !important;}&#8221;][vc_column_text]<\/p>\n<h3>Nuestro producto <strong>PMO Services<\/strong><\/h3>\n<p>[\/vc_column_text][vc_column_text]<strong>PMO Services <\/strong>apoya la implementaci\u00f3n de la <strong>PMO Fundacional<\/strong>, basado en 3 pilares, que siempre deben estar presentes:<\/p>\n<ul>\n<li>Una oficina <strong>PMO<\/strong><\/li>\n<li><strong>PMS<\/strong> (<strong>P<\/strong>roject <strong>M<\/strong>anagement System), herramientas para gestionar los proyectos. Implementaci\u00f3n y capacitaci\u00f3n para gestionar el portafolio de proyectos.<\/li>\n<li>Menthoring para aplicar PMO Services al portafolio de proyectos.<\/li>\n<li><strong>PMS<\/strong> (<strong>P<\/strong>roject <strong>M<\/strong>anagement <strong>S<\/strong>ystem), una herramienta para gestionar el portafolio de proyectos.<\/li>\n<\/ul>\n<p>Los 3 pilares de la <strong>PMO Fundacional<\/strong> deben desarrollarse en forma integrada, de lo contrario existe un alto riesgo de fracaso en la iniciativa.[\/vc_column_text][\/vc_column_inner][vc_column_inner width=&#8221;1\/2&#8243;][vc_single_image image=&#8221;3557&#8243; img_size=&#8221;full&#8221;][\/vc_column_inner][\/vc_row_inner][\/vc_column][\/vc_row][vc_row section_content_width=&#8221;container-fullwidth&#8221; parallax=&#8221;content-moving&#8221; overlay_color=&#8221;yes&#8221; full_width=&#8221;stretch_row_content_no_spaces&#8221; css=&#8221;.vc_custom_1541425635825{margin-bottom: 0px !important;padding-top: 110px !important;padding-bottom: 100px !important;background-image: url(https:\/\/pmoservices.cl\/wp-content\/uploads\/2018\/10\/Header.jpg?id=3505) !important;background-position: center;background-repeat: no-repeat;background-size:cover;}&#8221; el_class=&#8221;text-center&#8221; el_id=&#8221;servicios&#8221;][vc_column][tt_section_title title_alignment=&#8221;text-center&#8221; title_color_option=&#8221;custom-color&#8221; section_separator=&#8221;yes&#8221; title=&#8221;Servicios &#8211; PMO Fundacional&#8221; title_color=&#8221;#ffffff&#8221; css=&#8221;.vc_custom_1541425607476{margin-bottom: 40px !important;}&#8221;][\/tt_section_title][vc_column_text el_class=&#8221;white-text&#8221; css=&#8221;.vc_custom_1541425701545{margin-bottom: 48px !important;}&#8221;]<\/p>\n<h3 style=\"text-align: center;\">Oferta PMO Fundacional<\/h3>\n<p>[\/vc_column_text][vc_row_inner][vc_column_inner width=&#8221;1\/6&#8243;][\/vc_column_inner][vc_column_inner width=&#8221;2\/3&#8243;][vc_single_image image=&#8221;4875&#8243; img_size=&#8221;full&#8221; alignment=&#8221;center&#8221; onclick=&#8221;link_image&#8221;][\/vc_column_inner][vc_column_inner width=&#8221;1\/6&#8243;][\/vc_column_inner][\/vc_row_inner][vc_btn title=&#8221;Cont\u00e1ctanos&#8221; style=&#8221;custom&#8221; custom_background=&#8221;#ef4836&#8243; custom_text=&#8221;#ffffff&#8221; shape=&#8221;square&#8221; link=&#8221;url:https%3A%2F%2Fpmoservices.cl%2F%23contactanos|||&#8221; css=&#8221;.vc_custom_1541094056921{margin-right: 8px !important;margin-left: 8px !important;}&#8221;][\/vc_column][\/vc_row][vc_row full_width=&#8221;stretch_row&#8221; css=&#8221;.vc_custom_1540210380190{margin-bottom: 0px !important;padding-top: 125px !important;padding-bottom: 120px !important;background-color: #f4f4f4 !important;}&#8221; el_id=&#8221;clientes&#8221;][vc_column][tt_section_title title_alignment=&#8221;text-center&#8221; section_separator=&#8221;yes&#8221; separator_position=&#8221;after_title&#8221; title=&#8221;Nuestros &#8211; Clientes&#8221;]Ellos han confiado en nuestra experiencia[\/tt_section_title][tt_client_carousel item_desktop=&#8221;5&#8243; item_tablet=&#8221;3&#8243; item_mobile=&#8221;2&#8243; images=&#8221;3554,3618,3619,3620,3622,3623,3624&#8243; css=&#8221;.vc_custom_1541426085757{margin-bottom: 0px !important;padding-top: 30px !important;}&#8221;][\/vc_column][\/vc_row][vc_row el_id=&#8221;noticias&#8221; css=&#8221;.vc_custom_1543193841350{margin-top: 30px !important;margin-bottom: 30px !important;}&#8221;][vc_column][tt_section_title title_alignment=&#8221;text-center&#8221; section_separator=&#8221;yes&#8221; separator_position=&#8221;after_title&#8221; title=&#8221;Noticias&#8221;][\/tt_section_title][tt_latest_post post_limit=&#8221;3&#8243; grid_column=&#8221;4&#8243; word_limit=&#8221;15&#8243; readmore_text=&#8221;Leer m\u00e1s&#8221; show_all_button=&#8221;yes&#8221; button_text=&#8221;Ver Noticias&#8221; post_date=&#8221;hide&#8221; post_like=&#8221;hide&#8221; custom_link=&#8221;url:https%3A%2F%2Fpmoservices.cl%2Fnoticias%2F|||&#8221;][\/vc_column][\/vc_row][vc_row css=&#8221;.vc_custom_1541526971399{margin-top: 10px !important;margin-bottom: 0px !important;padding-top: 140px !important;padding-bottom: 130px !important;}&#8221; el_id=&#8221;contactanos&#8221;][vc_column][tt_section_title title_alignment=&#8221;text-center&#8221; section_separator=&#8221;no&#8221; title=&#8221;Cont\u00e1ctanos&#8221; css=&#8221;.vc_custom_1541425813766{margin-bottom: 70px !important;}&#8221;]Com\u00e9ntanos de tus necesidades en materia de gesti\u00f3n de proyectos y agendamos una reuni\u00f3n.[\/tt_section_title]\n<div class=\"wpcf7 no-js\" id=\"wpcf7-f3316-o1\" lang=\"en-US\" dir=\"ltr\" data-wpcf7-id=\"3316\">\n<div class=\"screen-reader-response\"><p role=\"status\" aria-live=\"polite\" aria-atomic=\"true\"><\/p> <ul><\/ul><\/div>\n<form action=\"\/index.php?rest_route=%2Fwp%2Fv2%2Fpages%2F2320#wpcf7-f3316-o1\" method=\"post\" class=\"wpcf7-form init\" aria-label=\"Contact form\" novalidate=\"novalidate\" data-status=\"init\">\n<fieldset class=\"hidden-fields-container\"><input type=\"hidden\" name=\"_wpcf7\" value=\"3316\" \/><input type=\"hidden\" name=\"_wpcf7_version\" value=\"6.1.5\" \/><input type=\"hidden\" name=\"_wpcf7_locale\" value=\"en_US\" \/><input type=\"hidden\" name=\"_wpcf7_unit_tag\" value=\"wpcf7-f3316-o1\" \/><input type=\"hidden\" name=\"_wpcf7_container_post\" value=\"0\" \/><input type=\"hidden\" name=\"_wpcf7_posted_data_hash\" value=\"\" \/><input type=\"hidden\" name=\"_wpcf7_recaptcha_response\" value=\"\" \/>\n<\/fieldset>\n<div class=\"row\">\n\t<div class=\"col-sm-4\">\n\t\t<div class=\"form-group\">\n\t\t\t<p><label class=\"sr-only\" for=\"cfname\">Nombre<\/label><span class=\"wpcf7-form-control-wrap\" data-name=\"text-590\"><input size=\"40\" maxlength=\"400\" class=\"wpcf7-form-control wpcf7-text wpcf7-validates-as-required form-control\" id=\"cfname\" aria-required=\"true\" aria-invalid=\"false\" placeholder=\"Nombre\" value=\"\" type=\"text\" name=\"text-590\" \/><\/span>\n\t\t\t<\/p>\n\t\t<\/div>\n\t<\/div>\n\t<div class=\"col-sm-4\">\n\t\t<div class=\"form-group\">\n\t\t\t<p><label class=\"sr-only\" for=\"cfempr\">Empresa<\/label><span class=\"wpcf7-form-control-wrap\" data-name=\"text-593\"><input size=\"40\" maxlength=\"400\" class=\"wpcf7-form-control wpcf7-text wpcf7-validates-as-required form-control\" id=\"cfempr\" aria-required=\"true\" aria-invalid=\"false\" placeholder=\"Empresa\" value=\"\" type=\"text\" name=\"text-593\" \/><\/span>\n\t\t\t<\/p>\n\t\t<\/div>\n\t<\/div>\n\t<div class=\"col-sm-4\">\n\t\t<div class=\"form-group\">\n\t\t\t<p><label class=\"sr-only\" for=\"cfemail\">Email<\/label><span class=\"wpcf7-form-control-wrap\" data-name=\"email-228\"><input size=\"40\" maxlength=\"400\" class=\"wpcf7-form-control wpcf7-email wpcf7-validates-as-required wpcf7-text wpcf7-validates-as-email form-control\" id=\"cfemail\" aria-required=\"true\" aria-invalid=\"false\" placeholder=\"Email\" value=\"\" type=\"email\" name=\"email-228\" \/><\/span>\n\t\t\t<\/p>\n\t\t<\/div>\n\t<\/div>\n<\/div>\n<div class=\"form-group\">\n\t<p><label class=\"sr-only\" for=\"cfmessage\">Mensaje<\/label><span class=\"wpcf7-form-control-wrap\" data-name=\"textarea-831\"><textarea cols=\"40\" rows=\"10\" maxlength=\"2000\" class=\"wpcf7-form-control wpcf7-textarea wpcf7-validates-as-required form-control\" id=\"cfmessage\" aria-required=\"true\" aria-invalid=\"false\" placeholder=\"Mensaje\" name=\"textarea-831\"><\/textarea><\/span>\n\t<\/p>\n<\/div>\n<div class=\"col-sm-12\" align=\"center\">\n\t<div id=\"cf7sr-69f9d5d6a1a12\" class=\"cf7sr-g-recaptcha\" data-theme=\"light\" data-type=\"image\" data-size=\"normal\" data-sitekey=\"6LeV84EqAAAAAFZgmvNAmMNLOZRuiySYXmaWY52s\"><\/div><span class=\"wpcf7-form-control-wrap cf7sr-recaptcha\" data-name=\"cf7sr-recaptcha\"><input type=\"hidden\" name=\"cf7sr-recaptcha\" value=\"\" class=\"wpcf7-form-control\"><\/span>\n\t<\/p>\n<\/div>\n<p><input class=\"wpcf7-form-control wpcf7-submit has-spinner btn btn-primary btn-lg\" type=\"submit\" value=\"Enviar Mensaje\" \/>\n<\/p><p style=\"display: none !important;\" class=\"akismet-fields-container\" data-prefix=\"_wpcf7_ak_\"><label>&#916;<textarea name=\"_wpcf7_ak_hp_textarea\" cols=\"45\" rows=\"8\" maxlength=\"100\"><\/textarea><\/label><input type=\"hidden\" id=\"ak_js_1\" name=\"_wpcf7_ak_js\" value=\"230\"\/><script type=\"text\/javascript\">\n\/* <![CDATA[ *\/\ndocument.getElementById( \"ak_js_1\" ).setAttribute( \"value\", ( new Date() ).getTime() );\n\/* ]]> *\/\n<\/script>\n<\/p><div class=\"wpcf7-response-output\" aria-hidden=\"true\"><\/div>\n<\/form>\n<\/div>\n[\/vc_column][\/vc_row][vc_row section_content_width=&#8221;container-fullwidth&#8221; full_width=&#8221;stretch_row_content_no_spaces&#8221; css=&#8221;.vc_custom_1691350992448{margin-top: -10px !important;margin-bottom: 0px !important;background-color: #f4f4f4 !important;}&#8221;][vc_column width=&#8221;1\/2&#8243;][vc_column_text css=&#8221;.vc_custom_1691350376367{padding-top: 20px !important;padding-right: 20px !important;padding-bottom: 20px !important;padding-left: 20px !important;}&#8221;]<iframe loading=\"lazy\" style=\"border: 0;\" src=\"https:\/\/www.google.com\/maps\/embed?pb=!1m18!1m12!1m3!1d1150.0185511810303!2d-71.54724132841832!3d-32.94952280798203!2m3!1f0!2f0!3f0!3m2!1i1024!2i768!4f13.1!3m3!1m2!1s0x9689dd385dae9a89%3A0xe0324a01b77bc334!2sLas%20Perlas%20Nte.%20125%2C%20Oficina%20509%2C%20Vi%C3%B1a%20del%20Mar%2C%20Valpara%C3%ADso!5e0!3m2!1ses-419!2scl!4v1691350155458!5m2!1ses-419!2scl\" width=\"400\" height=\"300\" allowfullscreen=\"allowfullscreen\"><\/iframe>[\/vc_column_text][\/vc_column][vc_column width=&#8221;1\/2&#8243;][vc_column_text css=&#8221;.vc_custom_1691350942194{padding-top: 70px !important;padding-right: 20px !important;padding-bottom: 20px !important;padding-left: 20px !important;}&#8221;]<strong><em><u>Sociedad Matr\u00edz en Chile<\/u><\/em><\/strong><br \/>\n<strong>Deck Inform\u00e1tica y Dise\u00f1o Computacional SpA<\/strong>.<br \/>\nRUT: 77.433.440-8<br \/>\nLas Perlas Norte 125, Oficina 509 \u2013 Vi\u00f1a del Mar \u2013 Valpara\u00edso, Chile<br \/>\nCP 2542618<br \/>\nTel\u00e9fono: +56 223564344<br \/>\nCorreo electr\u00f3nico:\u00a0<a href=\"mailto:jcmunoz@deck.cl\">jcmunoz@deck.cl<\/a>[\/vc_column_text][\/vc_column][\/vc_row][vc_row section_content_width=&#8221;container-fullwidth&#8221; full_width=&#8221;stretch_row_content_no_spaces&#8221; css=&#8221;.vc_custom_1691351020509{margin-top: 0px !important;margin-bottom: 0px !important;border-top-width: 0px !important;padding-top: 0px !important;background-color: #f4f4f4 !important;}&#8221;][vc_column width=&#8221;1\/2&#8243;][vc_column_text css=&#8221;.vc_custom_1691350587591{padding-top: 20px !important;padding-right: 20px !important;padding-bottom: 20px !important;padding-left: 20px !important;}&#8221;]<iframe src=\"https:\/\/www.google.com\/maps\/embed?pb=!1m18!1m12!1m3!1d2992.3011544032747!2d2.1555599750559304!3d41.4109808945329!2m3!1f0!2f0!3f0!3m2!1i1024!2i768!4f13.1!3m3!1m2!1s0x12a4a2ba76f33893%3A0xd479564cc8598ce3!2sStart2bee%20Coworking%20%26%20Events%20Spaces!5e0!3m2!1ses-419!2scl!4v1691350563780!5m2!1ses-419!2scl\" width=\"600\" height=\"300\" style=\"border:0;\" allowfullscreen=\"\" loading=\"lazy\" referrerpolicy=\"no-referrer-when-downgrade\"><\/iframe>[\/vc_column_text][\/vc_column][vc_column width=&#8221;1\/2&#8243;][vc_column_text css=&#8221;.vc_custom_1691350544827{padding-top: 70px !important;padding-right: 20px !important;padding-bottom: 20px !important;padding-left: 20px !important;}&#8221;]<strong><em><u>Sucursal en Barcelona<\/u><\/em><\/strong><br \/>\n<strong>Deck Inform\u00e1tica y Dise\u00f1o Computacional SpA<\/strong>.<br \/>\nNIF:<br \/>\nCarrer de l&#8217;Escorial, 180, CP 08024 \u2013 Barcelona \u2013 Coworking Star2Bee<br \/>\nTel\u00e9fono: +34 662946400<br \/>\nCorreo electr\u00f3nico:\u00a0<a href=\"mailto:fmunoz@deck.cl\">fmunoz@deck.cl<\/a>[\/vc_column_text][\/vc_column][\/vc_row]<\/p>\n","protected":false},"excerpt":{"rendered":"<p>[vc_row section_content_width=&#8221;container-fullwidth&#8221; overlay_color=&#8221;yes&#8221; full_width=&#8221;stretch_row_content_no_spaces&#8221; css=&#8221;.vc_custom_1540207709130{margin-bottom: 0px !important;}&#8221; el_id=&#8221;inicio&#8221;][vc_column][rev_slider_vc alias=&#8221;home-slide&#8221;][\/vc_column][\/vc_row][vc_row css=&#8221;.vc_custom_1541387662567{padding-top: 60px !important;}&#8221;][vc_column][tt_section_title title_alignment=&#8221;text-center&#8221; section_separator=&#8221;yes&#8221; separator_position=&#8221;after_description&#8221; title=&#8221;PMO &#8211; Services&#8221;][\/tt_section_title][vc_row_inner][vc_column_inner css=&#8221;.vc_custom_1541387355936{padding-bottom: 20px !important;}&#8221;][vc_column_text] Este gran desaf\u00edo, identifica nuestro objetivo y quehacer en el \u00e1rea de Gesti\u00f3n de Proyectos. En efecto a lo largo de m\u00e1s de 20 a\u00f1os gestionando proyectos, primeramente como ejecutivos de \u00e1reas TI y [&hellip;]<\/p>\n","protected":false},"author":1,"featured_media":0,"parent":0,"menu_order":0,"comment_status":"closed","ping_status":"closed","template":"page-templates\/template-home.php","meta":{"footnotes":""},"class_list":["post-2320","page","type-page","status-publish","hentry"],"_links":{"self":[{"href":"https:\/\/pmoservices.cl\/index.php?rest_route=\/wp\/v2\/pages\/2320","targetHints":{"allow":["GET"]}}],"collection":[{"href":"https:\/\/pmoservices.cl\/index.php?rest_route=\/wp\/v2\/pages"}],"about":[{"href":"https:\/\/pmoservices.cl\/index.php?rest_route=\/wp\/v2\/types\/page"}],"author":[{"embeddable":true,"href":"https:\/\/pmoservices.cl\/index.php?rest_route=\/wp\/v2\/users\/1"}],"replies":[{"embeddable":true,"href":"https:\/\/pmoservices.cl\/index.php?rest_route=%2Fwp%2Fv2%2Fcomments&post=2320"}],"version-history":[{"count":112,"href":"https:\/\/pmoservices.cl\/index.php?rest_route=\/wp\/v2\/pages\/2320\/revisions"}],"predecessor-version":[{"id":4919,"href":"https:\/\/pmoservices.cl\/index.php?rest_route=\/wp\/v2\/pages\/2320\/revisions\/4919"}],"wp:attachment":[{"href":"https:\/\/pmoservices.cl\/index.php?rest_route=%2Fwp%2Fv2%2Fmedia&parent=2320"}],"curies":[{"name":"wp","href":"https:\/\/api.w.org\/{rel}","templated":true}]}}